{"id":31,"date":"2025-08-19T08:32:02","date_gmt":"2025-08-19T08:32:02","guid":{"rendered":"https:\/\/vizyonmuhasib.com\/?page_id=31"},"modified":"2025-08-19T14:38:43","modified_gmt":"2025-08-19T10:38:43","slug":"haqqimizda","status":"publish","type":"page","link":"https:\/\/vizyonmuhasib.com\/?page_id=31","title":{"rendered":"Haqq\u0131m\u0131zda"},"content":{"rendered":"\t\t<div data-elementor-type=\"wp-page\" data-elementor-id=\"31\" class=\"elementor elementor-31\" data-elementor-post-type=\"page\">\n\t\t\t\t<div class=\"elementor-element elementor-element-8204e72 e-flex e-con-boxed e-con e-parent\" data-id=\"8204e72\" data-element_type=\"container\" data-settings=\"{&quot;background_background&quot;:&quot;classic&quot;}\">\n\t\t\t\t\t<div class=\"e-con-inner\">\n\t\t<div class=\"elementor-element elementor-element-668d357 e-flex e-con-boxed e-con e-child\" data-id=\"668d357\" data-element_type=\"container\">\n\t\t\t\t\t<div class=\"e-con-inner\">\n\t\t\t\t<div class=\"elementor-element elementor-element-dc4cea7 elementor-icon-list--layout-inline elementor-list-item-link-inline elementor-align-center elementor-mobile-align-center elementor-widget elementor-widget-icon-list\" data-id=\"dc4cea7\" data-element_type=\"widget\" data-widget_type=\"icon-list.default\">\n\t\t\t\t\t\t\t<ul class=\"elementor-icon-list-items elementor-inline-items\">\n\t\t\t\t\t\t\t<li class=\"elementor-icon-list-item elementor-inline-item\">\n\t\t\t\t\t\t\t\t\t\t\t<a href=\"http:\/\/Ana%20S\u0259hif\u0259\">\n\n\t\t\t\t\t\t\t\t\t\t\t<span class=\"elementor-icon-list-text\">Ana S\u0259hif\u0259<\/span>\n\t\t\t\t\t\t\t\t\t\t\t<\/a>\n\t\t\t\t\t\t\t\t\t<\/li>\n\t\t\t\t\t\t\t\t<li class=\"elementor-icon-list-item elementor-inline-item\">\n\t\t\t\t\t\t\t\t\t\t\t<a href=\"https:\/\/vizyonmuhasib.com\/?page_id=31\">\n\n\t\t\t\t\t\t\t\t\t\t\t\t<span class=\"elementor-icon-list-icon\">\n\t\t\t\t\t\t\t<svg aria-hidden=\"true\" class=\"e-font-icon-svg e-fas-angle-right\" viewBox=\"0 0 256 512\" xmlns=\"http:\/\/www.w3.org\/2000\/svg\"><path d=\"M224.3 273l-136 136c-9.4 9.4-24.6 9.4-33.9 0l-22.6-22.6c-9.4-9.4-9.4-24.6 0-33.9l96.4-96.4-96.4-96.4c-9.4-9.4-9.4-24.6 0-33.9L54.3 103c9.4-9.4 24.6-9.4 33.9 0l136 136c9.5 9.4 9.5 24.6.1 34z\"><\/path><\/svg>\t\t\t\t\t\t<\/span>\n\t\t\t\t\t\t\t\t\t\t<span class=\"elementor-icon-list-text\"><\/span>\n\t\t\t\t\t\t\t\t\t\t\t<\/a>\n\t\t\t\t\t\t\t\t\t<\/li>\n\t\t\t\t\t\t<\/ul>\n\t\t\t\t\t\t<\/div>\n\t\t\t\t<div class=\"elementor-element elementor-element-ad6f482 elementor-widget elementor-widget-heading\" data-id=\"ad6f482\" data-element_type=\"widget\" data-widget_type=\"heading.default\">\n\t\t\t\t\t<h1 class=\"elementor-heading-title elementor-size-default\">Haqq\u0131m\u0131zda<\/h1>\t\t\t\t<\/div>\n\t\t\t\t\t<\/div>\n\t\t\t\t<\/div>\n\t\t\t\t\t<\/div>\n\t\t\t\t<\/div>\n\t\t<div class=\"elementor-element elementor-element-b264008 e-con-full e-flex e-con e-parent\" data-id=\"b264008\" data-element_type=\"container\" data-settings=\"{&quot;background_background&quot;:&quot;classic&quot;}\">\n\t\t<div class=\"elementor-element elementor-element-a340aad e-con-full e-flex e-con e-child\" data-id=\"a340aad\" data-element_type=\"container\">\n\t\t\t\t<div class=\"elementor-element elementor-element-f33d03a elementor-drop-cap-yes elementor-drop-cap-view-default elementor-widget elementor-widget-text-editor\" data-id=\"f33d03a\" data-element_type=\"widget\" data-settings=\"{&quot;drop_cap&quot;:&quot;yes&quot;}\" data-widget_type=\"text-editor.default\">\n\t\t\t\t\t\t\t\t\t<p>Biz V\u0130ZYON MUHAS\u0130B MMC olaraq Az\u0259rbaycan\u0131n y\u00fcks\u0259k reytinqli, etibarl\u0131 v\u0259 pe\u015f\u0259kar kons\u00acaltinq \u015firk\u0259tl\u0259ri s\u0131ras\u0131nday\u0131q. 2009-cu ilin t\u0259sis olundu\u011fumuz g\u00fcn\u00fcnd\u0259n etibar\u0259n dayan\u0131ql\u0131 keyfiyy\u0259t v\u0259 q\u00fcsursuz xidm\u0259t g\u00f6st\u0259r\u0259r\u0259k partnyorlar\u0131m\u0131zla uzunm\u00fcdd\u0259tli biznes \u0259laq\u0259l\u0259rini formala\u015fd\u0131rm\u0131\u015f\u0131q. M\u00fcnasib\u0259tl\u0259ri daim qar\u015f\u0131l\u0131ql\u0131 g\u00fcv\u0259n, qazanc prinsipi il\u0259 qurmu\u015fuq. Biznesin g\u0259lirliliyi v\u0259 inki\u015faf\u0131 maliyy\u0259 idar\u0259etm\u0259sind\u0259n v\u0259 q\u0259rarlar\u0131ndan ba\u015flay\u0131r.<\/p><p>Biz, partnyorlar\u0131m\u0131z\u0131n \u0259n d\u00fczg\u00fcn q\u0259rarlar\u0131 verm\u0259sin\u0259 yard\u0131m\u00e7\u0131 olaraq, onlar\u0131n biznes strategiyas\u0131n\u0131 formala\u015fd\u0131r\u0131r\u0131q. D\u00fc\u015f\u00fcnm\u0259y\u0259 \u00e7ox zaman s\u0259rf edirik v\u0259 zaman haqda \u00e7ox d\u00fc\u015f\u00fcn\u00fcr\u00fck. \u015eirk\u0259timiz bazarda y\u00fcks\u0259k n\u00fcfuza sahib v\u0259 m\u00fchasibat sah\u0259sind\u0259 autsorsinq \u00fczr\u0259 \u0259n \u00e7ox t\u0259l\u0259b olunan \u015firk\u0259t olma\u011fa \u00e7al\u0131\u015f\u0131r. \u00d6z\u00fcm\u00fcz\u00fc yeni innovativ imkanlar a\u00e7an v\u0259 d\u0259yi\u015fiklik g\u0259tir\u0259n bir \u015firk\u0259t olaraq g\u00f6r\u00fcr\u00fck.<\/p><p>M\u00fc\u015ft\u0259ril\u0259rimiz \u00fc\u00e7\u00fcn daha b\u00f6y\u00fck potensial, yeni d\u0259y\u0259r yaradan v\u0259 biznes sah\u0259sind\u0259 iqtisadi \u0259laq\u0259l\u0259rini daha da effektiv ed\u0259nik. \u00d6z\u00fcm\u00fcz\u00fc ir\u0259li ixtisasla\u015fm\u0131\u015f bilikl\u0259rl\u0259 \u0259m\u0259kda\u015flar\u0131m\u0131z\u0131n yenilikl\u0259ri v\u0259 m\u0259hsuldarl\u0131\u011f\u0131 il\u0259 ortaq faydalara \u0259saslanan sabit v\u0259 balansl\u0131 struktur art\u0131m\u0131, m\u0259hsuldarl\u0131\u011f\u0131 art\u0131rmaq v\u0259 m\u0259lumatlar\u0131n yay\u0131lmas\u0131 il\u0259 birl\u0259\u015fdir\u0259n bir \u015firk\u0259t kimi g\u00f6r\u00fcr\u00fck. \u00d6z\u00fcn\u00fc t\u0259hlil biz\u0259 xarakterik x\u00fcsusiyy\u0259tdir, h\u0259rt\u0259r\u0259fli yarad\u0131c\u0131 d\u00fc\u015f\u00fcnc\u0259 g\u00f6st\u0259ririk v\u0259 bir-birimizi d\u0259st\u0259kl\u0259yirik. \u00d6lk\u0259mizin ictimai h\u0259yat\u0131n\u0131n keyfiyy\u0259tin\u0259 \u0259h\u0259miyy\u0259tli qatq\u0131 qat\u0131r v\u0259 biznesin sosial m\u0259suliyy\u0259tinin art\u0131m\u0131na s\u0259b\u0259b oluruq.<\/p>\t\t\t\t\t\t\t\t<\/div>\n\t\t\t\t<\/div>\n\t\t<div class=\"elementor-element elementor-element-cd20917 e-con-full e-flex e-con e-child\" data-id=\"cd20917\" data-element_type=\"container\" data-settings=\"{&quot;background_background&quot;:&quot;classic&quot;}\">\n\t\t\t\t<div class=\"elementor-element elementor-element-34b3f41 elementor-widget elementor-widget-spacer\" data-id=\"34b3f41\" data-element_type=\"widget\" data-widget_type=\"spacer.default\">\n\t\t\t\t\t\t\t<div class=\"elementor-spacer\">\n\t\t\t<div class=\"elementor-spacer-inner\"><\/div>\n\t\t<\/div>\n\t\t\t\t\t\t<\/div>\n\t\t\t\t<\/div>\n\t\t\t\t<\/div>\n\t\t\t\t<\/div>\n\t\t","protected":false},"excerpt":{"rendered":"<p>Ana S\u0259hif\u0259 Biz V\u0130ZYON MUHAS\u0130B MMC olaraq Az\u0259rbaycan\u0131n y\u00fcks\u0259k reytinqli, etibarl\u0131 v\u0259 pe\u015f\u0259kar kons\u00acaltinq \u015firk\u0259tl\u0259ri s\u0131ras\u0131nday\u0131q. 2009-cu ilin t\u0259sis olundu\u011fumuz g\u00fcn\u00fcnd\u0259n etibar\u0259n dayan\u0131ql\u0131 keyfiyy\u0259t v\u0259 q\u00fcsursuz xidm\u0259t g\u00f6st\u0259r\u0259r\u0259k partnyorlar\u0131m\u0131zla uzunm\u00fcdd\u0259tli biznes \u0259laq\u0259l\u0259rini formala\u015fd\u0131rm\u0131\u015f\u0131q. M\u00fcnasib\u0259tl\u0259ri daim qar\u015f\u0131l\u0131ql\u0131 g\u00fcv\u0259n, qazanc prinsipi il\u0259 qurmu\u015fuq. Biznesin g\u0259lirliliyi v\u0259 inki\u015faf\u0131 maliyy\u0259 idar\u0259etm\u0259sind\u0259n v\u0259 q\u0259rarlar\u0131ndan ba\u015flay\u0131r. Biz, partnyorlar\u0131m\u0131z\u0131n \u0259n d\u00fczg\u00fcn q\u0259rarlar\u0131 [&hellip;]<\/p>\n","protected":false},"author":1,"featured_media":0,"parent":0,"menu_order":0,"comment_status":"closed","ping_status":"closed","template":"","meta":{"footnotes":""},"class_list":["post-31","page","type-page","status-publish","hentry"],"_links":{"self":[{"href":"https:\/\/vizyonmuhasib.com\/index.php?rest_route=\/wp\/v2\/pages\/31","targetHints":{"allow":["GET"]}}],"collection":[{"href":"https:\/\/vizyonmuhasib.com\/index.php?rest_route=\/wp\/v2\/pages"}],"about":[{"href":"https:\/\/vizyonmuhasib.com\/index.php?rest_route=\/wp\/v2\/types\/page"}],"author":[{"embeddable":true,"href":"https:\/\/vizyonmuhasib.com\/index.php?rest_route=\/wp\/v2\/users\/1"}],"replies":[{"embeddable":true,"href":"https:\/\/vizyonmuhasib.com\/index.php?rest_route=%2Fwp%2Fv2%2Fcomments&post=31"}],"version-history":[{"count":25,"href":"https:\/\/vizyonmuhasib.com\/index.php?rest_route=\/wp\/v2\/pages\/31\/revisions"}],"predecessor-version":[{"id":369,"href":"https:\/\/vizyonmuhasib.com\/index.php?rest_route=\/wp\/v2\/pages\/31\/revisions\/369"}],"wp:attachment":[{"href":"https:\/\/vizyonmuhasib.com\/index.php?rest_route=%2Fwp%2Fv2%2Fmedia&parent=31"}],"curies":[{"name":"wp","href":"https:\/\/api.w.org\/{rel}","templated":true}]}}